{"id":5311,"date":"2024-03-18T21:18:45","date_gmt":"2024-03-18T21:18:45","guid":{"rendered":"https:\/\/www.sps-zelezniki.si\/?page_id=5311"},"modified":"2024-09-11T17:52:29","modified_gmt":"2024-09-11T15:52:29","slug":"predstavitev_sps","status":"publish","type":"page","link":"https:\/\/www.sps-zelezniki.si\/index.php\/predstavitev_sps\/","title":{"rendered":"Predstavitev \u0160PS"},"content":{"rendered":"<p><div class=\"fusion-fullwidth fullwidth-box fusion-builder-row-1 fusion-flex-container has-pattern-background has-mask-background nonhundred-percent-fullwidth non-hundred-percent-height-scrolling\" style=\"--awb-border-radius-top-left:0px;--awb-border-radius-top-right:0px;--awb-border-radius-bottom-right:0px;--awb-border-radius-bottom-left:0px;--awb-flex-wrap:wrap;\" ><div class=\"fusion-builder-row fusion-row fusion-flex-align-items-flex-start fusion-flex-content-wrap\" style=\"max-width:1248px;margin-left: calc(-4% \/ 2 );margin-right: calc(-4% \/ 2 );\"><div class=\"fusion-layout-column fusion_builder_column fusion-builder-column-0 fusion_builder_column_1_1 1_1 fusion-flex-column\" style=\"--awb-bg-size:cover;--awb-width-large:100%;--awb-margin-top-large:0px;--awb-spacing-right-large:1.92%;--awb-margin-bottom-large:20px;--awb-spacing-left-large:1.92%;--awb-width-medium:100%;--awb-order-medium:0;--awb-spacing-right-medium:1.92%;--awb-spacing-left-medium:1.92%;--awb-width-small:100%;--awb-order-small:0;--awb-spacing-right-small:1.92%;--awb-spacing-left-small:1.92%;\"><div class=\"fusion-column-wrapper fusion-column-has-shadow fusion-flex-justify-content-flex-start fusion-content-layout-column\"><div class=\"fusion-text fusion-text-1\"><p>\u0160portno plezalna sekcija \u017delezniki deluje pod okriljem <span style=\"color: var(--awb-color5);\"><a style=\"color: var(--awb-color5);\" href=\"http:\/\/www.pd-zelezniki.com\">Planinskega dru\u0161tva za Sel\u0161ko dolino \u017delezniki<\/a><\/span> z <span style=\"color: var(--awb-text-color); font-family: var(--awb-text-font-family); font-size: var(--awb-font-size); font-style: var(--awb-text-font-style); letter-spacing: var(--awb-letter-spacing); text-align: var(--awb-content-alignment); text-transform: var(--awb-text-transform); background-color: var(--awb-bg-color-hover);\">namenom, da organizira in vodi sistem vadbe, ki svojim \u010dlanom omogo\u010da ljubiteljsko ukvarjanje z <\/span><span style=\"color: var(--awb-text-color); font-family: var(--awb-text-font-family); font-size: var(--awb-font-size); font-style: var(--awb-text-font-style); letter-spacing: var(--awb-letter-spacing); text-align: var(--awb-content-alignment); text-transform: var(--awb-text-transform); background-color: var(--awb-bg-color-hover);\">razli\u010dnimi \u0161portno plezalnimi dejavnostmi tako na umetnih stenah kot v naravnih plezali\u0161\u010dih. Vsebine <\/span><span style=\"color: var(--awb-text-color); font-family: var(--awb-text-font-family); font-size: var(--awb-font-size); font-style: var(--awb-text-font-style); letter-spacing: var(--awb-letter-spacing); text-align: var(--awb-content-alignment); text-transform: var(--awb-text-transform); background-color: var(--awb-bg-color-hover);\">so prilagojene razli\u010dnim starostnim skupinam in so v skladu z stopnjo osvojenega plezalskega znanja, <\/span><span style=\"color: var(--awb-text-color); font-family: var(--awb-text-font-family); font-size: var(--awb-font-size); font-style: var(--awb-text-font-style); letter-spacing: var(--awb-letter-spacing); text-align: var(--awb-content-alignment); text-transform: var(--awb-text-transform); background-color: var(--awb-bg-color-hover);\">nadarjenosti ter razli\u010dnim interesom vklju\u010denih plezalcev.<\/span><\/p>\n<p>Tovrsten sistem vadbe spodbuja posredovanje plezalskega znanja in izku\u0161enj iz starej\u0161ih na mlaj\u0161e <span style=\"color: var(--awb-text-color); font-family: var(--awb-text-font-family); font-size: var(--awb-font-size); font-style: var(--awb-text-font-style); letter-spacing: var(--awb-letter-spacing); text-align: var(--awb-content-alignment); text-transform: var(--awb-text-transform); background-color: var(--awb-bg-color-hover);\">generacije. Na podlagi uspe\u0161ne in bogate tradicije pionirjev lokalne plezalne scene, ki je zaznamovala <\/span><span style=\"color: var(--awb-text-color); font-family: var(--awb-text-font-family); font-size: var(--awb-font-size); font-style: var(--awb-text-font-style); letter-spacing: var(--awb-letter-spacing); text-align: var(--awb-content-alignment); text-transform: var(--awb-text-transform); background-color: var(--awb-bg-color-hover);\">in soustvarjala <span style=\"color: var(--awb-color4);\"><a style=\"color: var(--awb-color5);\" href=\"https:\/\/www.sps-zelezniki.si\/index.php\/zgodovina-plezanja-in-alpinizma-v-selski-dolini\/\">zgodovino plezanja in alpinizma v Sel\u0161ki dolini<\/a><\/span> tako v slovenskem kot mednarodnem <\/span><span style=\"color: var(--awb-text-color); font-family: var(--awb-text-font-family); font-size: var(--awb-font-size); font-style: var(--awb-text-font-style); letter-spacing: var(--awb-letter-spacing); text-align: var(--awb-content-alignment); text-transform: var(--awb-text-transform); background-color: var(--awb-bg-color-hover);\">merilu, so mladi dobili prilo\u017enost, da se preizkusijo, doka\u017eejo in prevzamejo odgovornost za <\/span><span style=\"color: var(--awb-text-color); font-family: var(--awb-text-font-family); font-size: var(--awb-font-size); font-style: var(--awb-text-font-style); letter-spacing: var(--awb-letter-spacing); text-align: var(--awb-content-alignment); text-transform: var(--awb-text-transform); background-color: var(--awb-bg-color-hover);\">nadaljevanje plezalne dejavnosti v dolini pod Ratitovcem.<\/span><\/p>\n<p>Z dograjeno ve\u010djo plezalno steno, manj\u0161o balvansko ter \u00bbcampus boardom\u00ab v telovadnici O\u0160 <span style=\"color: var(--awb-text-color); font-family: var(--awb-text-font-family); font-size: var(--awb-font-size); font-style: var(--awb-text-font-style); letter-spacing: var(--awb-letter-spacing); text-align: var(--awb-content-alignment); text-transform: var(--awb-text-transform); background-color: var(--awb-bg-color-hover);\">\u017delezniki smo plezalci pridobili pomemben poligon za redno in sistemati\u010dno vadbo in izpopolnjevanje <\/span><span style=\"color: var(--awb-text-color); font-family: var(--awb-text-font-family); font-size: var(--awb-font-size); font-style: var(--awb-text-font-style); letter-spacing: var(--awb-letter-spacing); text-align: var(--awb-content-alignment); text-transform: var(--awb-text-transform); background-color: var(--awb-bg-color-hover);\">svojih plezalnih spretnosti. Poleg \u017ee opremljenih plezalnih smeri v plezali\u0161\u010dih pod Prtov\u010dem in v <\/span><span style=\"color: var(--awb-text-color); font-family: var(--awb-text-font-family); font-size: var(--awb-font-size); font-style: var(--awb-text-font-style); letter-spacing: var(--awb-letter-spacing); text-align: var(--awb-content-alignment); text-transform: var(--awb-text-transform); background-color: var(--awb-bg-color-hover);\">stenah Ratitovca \u017eelimo poiskati in opremiti \u0161e dodatne lokalne stene, ki bodo nadomestile izgubo <\/span><span style=\"color: var(--awb-text-color); font-family: var(--awb-text-font-family); font-size: var(--awb-font-size); font-style: var(--awb-text-font-style); letter-spacing: var(--awb-letter-spacing); text-align: var(--awb-content-alignment); text-transform: var(--awb-text-transform); background-color: var(--awb-bg-color-hover);\">priljubljenega plezali\u0161\u010da Pod Su\u0161o.<\/span><\/p>\n<p>Nadarjeni mladi plezalci tekmujejo v <a style=\"color: var(--awb-color5);\" href=\"https:\/\/zl.aokranj.com\">Zahodni ligi<\/a>, rekreativci v <span style=\"color: var(--awb-color5);\"><a style=\"color: var(--awb-color5);\" href=\"https:\/\/nlpliga.si\">NLP ligi<\/a><\/span>. Plezalske avanture <span style=\"color: var(--awb-text-color); font-family: var(--awb-text-font-family); font-size: var(--awb-font-size); font-style: var(--awb-text-font-style); letter-spacing: var(--awb-letter-spacing); text-align: var(--awb-content-alignment); text-transform: var(--awb-text-transform); background-color: var(--awb-bg-color-hover);\">popestrimo z organiziranim obiskovanjem slovenskih in tujih plezalnih centrov in naravnih plezali\u0161\u010d.<\/span><\/p>\n<p>Glavni poudarki vadbe so osvojiti in izpopolnjevati osnovne in specialne plezalne tehnike, ki temeljijo <span style=\"color: var(--awb-text-color); font-family: var(--awb-text-font-family); font-size: var(--awb-font-size); font-style: var(--awb-text-font-style); letter-spacing: var(--awb-letter-spacing); text-align: var(--awb-content-alignment); text-transform: var(--awb-text-transform); background-color: var(--awb-bg-color-hover);\">na teko\u010dem, spro\u0161\u010denem gibanju ter kontroli ravnote\u017eja in te\u017ei\u0161\u010da v razli\u010dnih plezalnih okoli\u0161\u010dinah, <\/span><span style=\"color: var(--awb-text-color); font-family: var(--awb-text-font-family); font-size: var(--awb-font-size); font-style: var(--awb-text-font-style); letter-spacing: var(--awb-letter-spacing); text-align: var(--awb-content-alignment); text-transform: var(--awb-text-transform); background-color: var(--awb-bg-color-hover);\">izbolj\u0161anju kondicijske, takti\u010dne in psihi\u010dne pripravljenosti, spodbujanje notranje motivacije po <\/span><span style=\"color: var(--awb-text-color); font-family: var(--awb-text-font-family); font-size: var(--awb-font-size); font-style: var(--awb-text-font-style); letter-spacing: var(--awb-letter-spacing); text-align: var(--awb-content-alignment); text-transform: var(--awb-text-transform); background-color: var(--awb-bg-color-hover);\">odkrivanju in preseganju osebnih plezalnih izzivov na igriv, zabaven in varen na\u010din, u\u010denje vrvnih <\/span><span style=\"color: var(--awb-text-color); font-family: var(--awb-text-font-family); font-size: var(--awb-font-size); font-style: var(--awb-text-font-style); letter-spacing: var(--awb-letter-spacing); text-align: var(--awb-content-alignment); text-transform: var(--awb-text-transform); background-color: var(--awb-bg-color-hover);\">tehnik, ki so potrebne za varno plezanje od zgoraj in v vodstvu, u\u010denju in pridobivanju zaupanja <\/span><span style=\"color: var(--awb-text-color); font-family: var(--awb-text-font-family); font-size: var(--awb-font-size); font-style: var(--awb-text-font-style); letter-spacing: var(--awb-letter-spacing); text-align: var(--awb-content-alignment); text-transform: var(--awb-text-transform); background-color: var(--awb-bg-color-hover);\">soplezalcu ter samostojnemu in odgovornemu presojanju, predvsem v klju\u010dnih plezalskih situacijah, <\/span><span style=\"color: var(--awb-text-color); font-family: var(--awb-text-font-family); font-size: var(--awb-font-size); font-style: var(--awb-text-font-style); letter-spacing: var(--awb-letter-spacing); text-align: var(--awb-content-alignment); text-transform: var(--awb-text-transform); background-color: var(--awb-bg-color-hover);\">medgeneracijsko povezovanje in dru\u017eenje kot del \u0161ole za \u017eivljenje.<\/span><\/p>\n<\/div><\/div><\/div><\/div><\/div><div class=\"fusion-fullwidth fullwidth-box fusion-builder-row-2 fusion-flex-container has-pattern-background has-mask-background nonhundred-percent-fullwidth non-hundred-percent-height-scrolling\" style=\"--awb-border-radius-top-left:0px;--awb-border-radius-top-right:0px;--awb-border-radius-bottom-right:0px;--awb-border-radius-bottom-left:0px;--awb-flex-wrap:wrap;\" ><div class=\"fusion-builder-row fusion-row fusion-flex-align-items-center fusion-flex-justify-content-center fusion-flex-content-wrap\" style=\"max-width:1248px;margin-left: calc(-4% \/ 2 );margin-right: calc(-4% \/ 2 );\"><div class=\"fusion-layout-column fusion_builder_column fusion-builder-column-1 fusion_builder_column_2_3 2_3 fusion-flex-column fusion-flex-align-self-center\" style=\"--awb-bg-size:cover;--awb-width-large:66.666666666667%;--awb-margin-top-large:0px;--awb-spacing-right-large:2.88%;--awb-margin-bottom-large:20px;--awb-spacing-left-large:2.88%;--awb-width-medium:66.666666666667%;--awb-order-medium:0;--awb-spacing-right-medium:2.88%;--awb-spacing-left-medium:2.88%;--awb-width-small:100%;--awb-order-small:0;--awb-spacing-right-small:1.92%;--awb-spacing-left-small:1.92%;\" data-scroll-devices=\"small-visibility,medium-visibility,large-visibility\"><div class=\"fusion-column-wrapper fusion-column-has-shadow fusion-flex-justify-content-flex-start fusion-content-layout-column\"><div class=\"fusion-slider-sc\"><div class=\"fusion-flexslider-loading flexslider fusion-aligncenter flexslider-hover-type-none\" data-slideshow_autoplay=\"1\" data-slideshow_smooth_height=\"0\" data-slideshow_speed=\"7000\" style=\"max-width:100%;height:100%;\"><ul class=\"slides\"><li class=\"image\"><span class=\"fusion-image-hover-element hover-type-none\"><img decoding=\"async\" src=\"https:\/\/www.sps-zelezniki.si\/wp-content\/uploads\/2024\/09\/SPS-07909.jpg\" width=\"2160\" height=\"1440\" class=\"wp-image-5961\" srcset=\"https:\/\/www.sps-zelezniki.si\/wp-content\/uploads\/2024\/09\/SPS-07909-200x133.jpg 200w, https:\/\/www.sps-zelezniki.si\/wp-content\/uploads\/2024\/09\/SPS-07909-400x267.jpg 400w, https:\/\/www.sps-zelezniki.si\/wp-content\/uploads\/2024\/09\/SPS-07909-600x400.jpg 600w, https:\/\/www.sps-zelezniki.si\/wp-content\/uploads\/2024\/09\/SPS-07909-800x533.jpg 800w, https:\/\/www.sps-zelezniki.si\/wp-content\/uploads\/2024\/09\/SPS-07909-1200x800.jpg 1200w, https:\/\/www.sps-zelezniki.si\/wp-content\/uploads\/2024\/09\/SPS-07909.jpg 2160w\" sizes=\"(max-width: 640px) 100vw, 800px\" \/><\/span><\/li><li class=\"image\"><span class=\"fusion-image-hover-element hover-type-none\"><img decoding=\"async\" src=\"https:\/\/www.sps-zelezniki.si\/wp-content\/uploads\/2024\/09\/SPS-07785.jpg\" width=\"2160\" height=\"1440\" class=\"wp-image-5960\" srcset=\"https:\/\/www.sps-zelezniki.si\/wp-content\/uploads\/2024\/09\/SPS-07785-200x133.jpg 200w, https:\/\/www.sps-zelezniki.si\/wp-content\/uploads\/2024\/09\/SPS-07785-400x267.jpg 400w, https:\/\/www.sps-zelezniki.si\/wp-content\/uploads\/2024\/09\/SPS-07785-600x400.jpg 600w, https:\/\/www.sps-zelezniki.si\/wp-content\/uploads\/2024\/09\/SPS-07785-800x533.jpg 800w, https:\/\/www.sps-zelezniki.si\/wp-content\/uploads\/2024\/09\/SPS-07785-1200x800.jpg 1200w, https:\/\/www.sps-zelezniki.si\/wp-content\/uploads\/2024\/09\/SPS-07785.jpg 2160w\" sizes=\"(max-width: 640px) 100vw, 800px\" \/><\/span><\/li><li class=\"image\"><span class=\"fusion-image-hover-element hover-type-none\"><img decoding=\"async\" src=\"https:\/\/www.sps-zelezniki.si\/wp-content\/uploads\/2024\/09\/SPS-07743.jpg\" width=\"2160\" height=\"1440\" class=\"wp-image-5959\" srcset=\"https:\/\/www.sps-zelezniki.si\/wp-content\/uploads\/2024\/09\/SPS-07743-200x133.jpg 200w, https:\/\/www.sps-zelezniki.si\/wp-content\/uploads\/2024\/09\/SPS-07743-400x267.jpg 400w, https:\/\/www.sps-zelezniki.si\/wp-content\/uploads\/2024\/09\/SPS-07743-600x400.jpg 600w, https:\/\/www.sps-zelezniki.si\/wp-content\/uploads\/2024\/09\/SPS-07743-800x533.jpg 800w, https:\/\/www.sps-zelezniki.si\/wp-content\/uploads\/2024\/09\/SPS-07743-1200x800.jpg 1200w, https:\/\/www.sps-zelezniki.si\/wp-content\/uploads\/2024\/09\/SPS-07743.jpg 2160w\" sizes=\"(max-width: 640px) 100vw, 800px\" \/><\/span><\/li><li class=\"image\"><span class=\"fusion-image-hover-element hover-type-none\"><img decoding=\"async\" src=\"https:\/\/www.sps-zelezniki.si\/wp-content\/uploads\/2024\/09\/SPS-07722.jpg\" width=\"2160\" height=\"1440\" class=\"wp-image-5958\" srcset=\"https:\/\/www.sps-zelezniki.si\/wp-content\/uploads\/2024\/09\/SPS-07722-200x133.jpg 200w, https:\/\/www.sps-zelezniki.si\/wp-content\/uploads\/2024\/09\/SPS-07722-400x267.jpg 400w, https:\/\/www.sps-zelezniki.si\/wp-content\/uploads\/2024\/09\/SPS-07722-600x400.jpg 600w, https:\/\/www.sps-zelezniki.si\/wp-content\/uploads\/2024\/09\/SPS-07722-800x533.jpg 800w, https:\/\/www.sps-zelezniki.si\/wp-content\/uploads\/2024\/09\/SPS-07722-1200x800.jpg 1200w, https:\/\/www.sps-zelezniki.si\/wp-content\/uploads\/2024\/09\/SPS-07722.jpg 2160w\" sizes=\"(max-width: 640px) 100vw, 800px\" \/><\/span><\/li><li class=\"image\"><span class=\"fusion-image-hover-element hover-type-none\"><img decoding=\"async\" src=\"https:\/\/www.sps-zelezniki.si\/wp-content\/uploads\/2024\/09\/SPS-07707.jpg\" width=\"2160\" height=\"1440\" class=\"wp-image-5957\" srcset=\"https:\/\/www.sps-zelezniki.si\/wp-content\/uploads\/2024\/09\/SPS-07707-200x133.jpg 200w, https:\/\/www.sps-zelezniki.si\/wp-content\/uploads\/2024\/09\/SPS-07707-400x267.jpg 400w, https:\/\/www.sps-zelezniki.si\/wp-content\/uploads\/2024\/09\/SPS-07707-600x400.jpg 600w, https:\/\/www.sps-zelezniki.si\/wp-content\/uploads\/2024\/09\/SPS-07707-800x533.jpg 800w, https:\/\/www.sps-zelezniki.si\/wp-content\/uploads\/2024\/09\/SPS-07707-1200x800.jpg 1200w, https:\/\/www.sps-zelezniki.si\/wp-content\/uploads\/2024\/09\/SPS-07707.jpg 2160w\" sizes=\"(max-width: 640px) 100vw, 800px\" \/><\/span><\/li><li class=\"image\"><span class=\"fusion-image-hover-element hover-type-none\"><img decoding=\"async\" src=\"https:\/\/www.sps-zelezniki.si\/wp-content\/uploads\/2024\/09\/SPS-07677.jpg\" width=\"2160\" height=\"1440\" class=\"wp-image-5956\" srcset=\"https:\/\/www.sps-zelezniki.si\/wp-content\/uploads\/2024\/09\/SPS-07677-200x133.jpg 200w, https:\/\/www.sps-zelezniki.si\/wp-content\/uploads\/2024\/09\/SPS-07677-400x267.jpg 400w, https:\/\/www.sps-zelezniki.si\/wp-content\/uploads\/2024\/09\/SPS-07677-600x400.jpg 600w, https:\/\/www.sps-zelezniki.si\/wp-content\/uploads\/2024\/09\/SPS-07677-800x533.jpg 800w, https:\/\/www.sps-zelezniki.si\/wp-content\/uploads\/2024\/09\/SPS-07677-1200x800.jpg 1200w, https:\/\/www.sps-zelezniki.si\/wp-content\/uploads\/2024\/09\/SPS-07677.jpg 2160w\" sizes=\"(max-width: 640px) 100vw, 800px\" \/><\/span><\/li><li class=\"image\"><span class=\"fusion-image-hover-element hover-type-none\"><img decoding=\"async\" src=\"https:\/\/www.sps-zelezniki.si\/wp-content\/uploads\/2024\/09\/IMG_20231129_195213-scaled.jpg\" width=\"2560\" height=\"1442\" class=\"wp-image-5954\" srcset=\"https:\/\/www.sps-zelezniki.si\/wp-content\/uploads\/2024\/09\/IMG_20231129_195213-200x113.jpg 200w, https:\/\/www.sps-zelezniki.si\/wp-content\/uploads\/2024\/09\/IMG_20231129_195213-400x225.jpg 400w, https:\/\/www.sps-zelezniki.si\/wp-content\/uploads\/2024\/09\/IMG_20231129_195213-600x338.jpg 600w, https:\/\/www.sps-zelezniki.si\/wp-content\/uploads\/2024\/09\/IMG_20231129_195213-800x451.jpg 800w, https:\/\/www.sps-zelezniki.si\/wp-content\/uploads\/2024\/09\/IMG_20231129_195213-1200x676.jpg 1200w, https:\/\/www.sps-zelezniki.si\/wp-content\/uploads\/2024\/09\/IMG_20231129_195213-scaled.jpg 2560w\" sizes=\"(max-width: 640px) 100vw, 800px\" \/><\/span><\/li><\/ul><\/div><\/div><\/div><\/div><\/div><\/div><\/p>\n","protected":false},"excerpt":{"rendered":"","protected":false},"author":1,"featured_media":0,"parent":0,"menu_order":0,"comment_status":"closed","ping_status":"closed","template":"100-width.php","meta":{"footnotes":""},"class_list":["post-5311","page","type-page","status-publish","hentry"],"_links":{"self":[{"href":"https:\/\/www.sps-zelezniki.si\/index.php\/wp-json\/wp\/v2\/pages\/5311","targetHints":{"allow":["GET"]}}],"collection":[{"href":"https:\/\/www.sps-zelezniki.si\/index.php\/wp-json\/wp\/v2\/pages"}],"about":[{"href":"https:\/\/www.sps-zelezniki.si\/index.php\/wp-json\/wp\/v2\/types\/page"}],"author":[{"embeddable":true,"href":"https:\/\/www.sps-zelezniki.si\/index.php\/wp-json\/wp\/v2\/users\/1"}],"replies":[{"embeddable":true,"href":"https:\/\/www.sps-zelezniki.si\/index.php\/wp-json\/wp\/v2\/comments?post=5311"}],"version-history":[{"count":24,"href":"https:\/\/www.sps-zelezniki.si\/index.php\/wp-json\/wp\/v2\/pages\/5311\/revisions"}],"predecessor-version":[{"id":5546,"href":"https:\/\/www.sps-zelezniki.si\/index.php\/wp-json\/wp\/v2\/pages\/5311\/revisions\/5546"}],"wp:attachment":[{"href":"https:\/\/www.sps-zelezniki.si\/index.php\/wp-json\/wp\/v2\/media?parent=5311"}],"curies":[{"name":"wp","href":"https:\/\/api.w.org\/{rel}","templated":true}]}}