{"id":5569,"date":"2024-05-14T18:28:49","date_gmt":"2024-05-14T18:28:49","guid":{"rendered":"https:\/\/www.sps-zelezniki.si\/?page_id=5569"},"modified":"2024-09-09T17:33:42","modified_gmt":"2024-09-09T15:33:42","slug":"lokacija-in-kontakti-ekipe","status":"publish","type":"page","link":"https:\/\/www.sps-zelezniki.si\/index.php\/lokacija-in-kontakti-ekipe\/","title":{"rendered":"Lokacija in kontakti ekipe"},"content":{"rendered":"<p><div class=\"fusion-fullwidth fullwidth-box fusion-builder-row-1 fusion-flex-container has-pattern-background has-mask-background nonhundred-percent-fullwidth non-hundred-percent-height-scrolling\" style=\"--awb-border-radius-top-left:0px;--awb-border-radius-top-right:0px;--awb-border-radius-bottom-right:0px;--awb-border-radius-bottom-left:0px;--awb-flex-wrap:wrap;\" ><div class=\"fusion-builder-row fusion-row fusion-flex-align-items-flex-start fusion-flex-content-wrap\" style=\"max-width:1248px;margin-left: calc(-4% \/ 2 );margin-right: calc(-4% \/ 2 );\"><div class=\"fusion-layout-column fusion_builder_column fusion-builder-column-0 fusion_builder_column_1_1 1_1 fusion-flex-column\" style=\"--awb-bg-size:cover;--awb-width-large:100%;--awb-margin-top-large:0px;--awb-spacing-right-large:1.92%;--awb-margin-bottom-large:20px;--awb-spacing-left-large:1.92%;--awb-width-medium:100%;--awb-order-medium:0;--awb-spacing-right-medium:1.92%;--awb-spacing-left-medium:1.92%;--awb-width-small:100%;--awb-order-small:0;--awb-spacing-right-small:1.92%;--awb-spacing-left-small:1.92%;\"><div class=\"fusion-column-wrapper fusion-column-has-shadow fusion-flex-justify-content-flex-start fusion-content-layout-column\"><div class=\"fusion-text fusion-text-1\"><p>Telovadnica O\u0160 \u017delezniki, Otoki 13, 4228 \u017delezniki.<\/p>\n<p><span style=\"color: var(--awb-text-color); font-family: var(--awb-text-font-family); font-size: var(--awb-font-size); font-style: var(--awb-text-font-style); letter-spacing: var(--awb-letter-spacing); text-align: var(--awb-content-alignment); text-transform: var(--awb-text-transform); background-color: var(--awb-bg-color-hover);\">\u0160portno plezalne informacije so dosegljive pri \u010dlanih upravnega odbora sekcije ter strokovnega kadra:<\/span><\/p>\n<ul>\n<li><span style=\"color: var(--awb-text-color); font-family: var(--awb-text-font-family); font-size: var(--awb-font-size); font-style: var(--awb-text-font-style); letter-spacing: var(--awb-letter-spacing); text-align: var(--awb-content-alignment); text-transform: var(--awb-text-transform); background-color: var(--awb-bg-color-hover);\">Ale\u0161 Jensterle, vodja in trener, <\/span><span style=\"font-family: var(--awb-text-font-family); font-size: var(--awb-font-size); font-style: var(--awb-text-font-style); letter-spacing: var(--awb-letter-spacing); text-align: var(--awb-content-alignment); text-transform: var(--awb-text-transform); color: var(--awb-color5);\">ajensterle(afna)gmail.com<\/span><span style=\"color: var(--awb-text-color); font-family: var(--awb-text-font-family); font-size: var(--awb-font-size); font-style: var(--awb-text-font-style); letter-spacing: var(--awb-letter-spacing); text-align: var(--awb-content-alignment); text-transform: var(--awb-text-transform); background-color: var(--awb-bg-color-hover);\">;<\/span><\/li>\n<\/ul>\n<ul>\n<li>Nejc Bobar, \u010dlan upravnega odbora-strokovni kader, \u0161portni plezalec, mlaj\u0161i alpinisti\u010dni pripravnik in <span style=\"color: var(--awb-text-color); font-family: var(--awb-text-font-family); font-size: var(--awb-font-size); font-style: var(--awb-text-font-style); letter-spacing: var(--awb-letter-spacing); text-align: var(--awb-content-alignment); text-transform: var(--awb-text-transform); background-color: var(--awb-bg-color-hover);\">vaditelj, <span style=\"color: var(--awb-color5);\">bobar.n<span style=\"color: var(--awb-color5);\">ejc<\/span><\/span><\/span><span style=\"color: var(--awb-color5); font-family: var(--awb-text-font-family); font-size: var(--awb-font-size); font-style: var(--awb-text-font-style); letter-spacing: var(--awb-letter-spacing); text-align: var(--awb-content-alignment); text-transform: var(--awb-text-transform); background-color: var(--awb-bg-color-hover);\">(<\/span><span style=\"color: var(--awb-color5);\">afna<\/span><span style=\"color: var(--awb-color5); font-family: var(--awb-text-font-family); font-size: var(--awb-font-size); font-style: var(--awb-text-font-style); letter-spacing: var(--awb-letter-spacing); text-align: var(--awb-content-alignment); text-transform: var(--awb-text-transform); background-color: var(--awb-bg-color-hover);\">)<\/span><span style=\"color: var(--awb-text-color); font-family: var(--awb-text-font-family); font-size: var(--awb-font-size); font-style: var(--awb-text-font-style); letter-spacing: var(--awb-letter-spacing); text-align: var(--awb-content-alignment); text-transform: var(--awb-text-transform); background-color: var(--awb-bg-color-hover);\"><span style=\"color: var(--awb-color5);\"><span style=\"color: var(--awb-color5);\">g<\/span>mail.com<\/span>;<\/span><\/li>\n<\/ul>\n<ul>\n<li>Tatjana Rant, \u010dlanica upravnega odbora-organizacija, \u0161portna plezalka in vaditeljica, <span style=\"color: var(--awb-color5); font-family: var(--awb-text-font-family); font-size: var(--awb-font-size); font-style: var(--awb-text-font-style); letter-spacing: var(--awb-letter-spacing); text-align: var(--awb-content-alignment); text-transform: var(--awb-text-transform); background-color: var(--awb-bg-color-hover);\">tatjana.se<span style=\"color: var(--awb-color5);\">m<\/span><\/span><span style=\"color: var(--awb-color5);\">(<\/span><span style=\"color: var(--awb-color5);\">afna<\/span><span style=\"color: var(--awb-color5);\">)<\/span><span style=\"color: var(--awb-text-color); font-family: var(--awb-text-font-family); font-size: var(--awb-font-size); font-style: var(--awb-text-font-style); letter-spacing: var(--awb-letter-spacing); text-align: var(--awb-content-alignment); text-transform: var(--awb-text-transform); background-color: var(--awb-bg-color-hover);\"><span style=\"color: var(--awb-color5);\">gmail.com<\/span>;<\/span><\/li>\n<\/ul>\n<ul>\n<li>Tomo Ceferin, \u010dlan upravnega odbora-organizacija in alpinist, <span style=\"color: var(--awb-color5);\">tomo.cefer<span style=\"color: var(--awb-color5);\">in(<\/span><\/span><span style=\"color: var(--awb-color5);\">afna<\/span><span style=\"color: var(--awb-color5);\"><span style=\"color: var(--awb-color5);\">)gm<\/span>ail.com<\/span>;<\/li>\n<\/ul>\n<ul>\n<li><span style=\"color: var(--awb-text-color); font-family: var(--awb-text-font-family); font-size: var(--awb-font-size); font-style: var(--awb-text-font-style); letter-spacing: var(--awb-letter-spacing); text-align: var(--awb-content-alignment); text-transform: var(--awb-text-transform); background-color: var(--awb-bg-color-hover);\">Janez Rant, \u010dlan upravnega odbora-organizacija in \u0161portni plezalec, <span style=\"color: var(--awb-color5);\">janez.ran<span style=\"color: var(--awb-color5);\">t<\/span><\/span><\/span><span style=\"color: var(--awb-color5);\">(<\/span><span style=\"color: var(--awb-color5);\">afna<\/span><span style=\"color: var(--awb-color5);\">)<\/span><span style=\"color: var(--awb-color5); font-family: var(--awb-text-font-family); font-size: var(--awb-font-size); font-style: var(--awb-text-font-style); letter-spacing: var(--awb-letter-spacing); text-align: var(--awb-content-alignment); text-transform: var(--awb-text-transform); background-color: var(--awb-bg-color-hover);\"><span style=\"color: var(--awb-color5);\">g<\/span>mail.com<\/span><span style=\"color: var(--awb-text-color); font-family: var(--awb-text-font-family); font-size: var(--awb-font-size); font-style: var(--awb-text-font-style); letter-spacing: var(--awb-letter-spacing); text-align: var(--awb-content-alignment); text-transform: var(--awb-text-transform); background-color: var(--awb-bg-color-hover);\">;<\/span><\/li>\n<\/ul>\n<ul>\n<li>Jo\u0161t Pintar, \u0161portni plezalec in vaditelj, <span style=\"color: var(--awb-color5);\">josht.pinta<span style=\"color: var(--awb-color5);\">r(<\/span><\/span><span style=\"color: var(--awb-color5);\">afna<\/span><span style=\"color: var(--awb-color5);\"><span style=\"color: var(--awb-color5);\">)gm<\/span>ail.com<\/span>;<\/li>\n<\/ul>\n<ul>\n<li>Sara Luznar, pripravnica \u0161portnega plezanja in magistrica profesorica \u0161portne vzgoje, <span style=\"color: var(--awb-color5); font-family: var(--awb-text-font-family); font-size: var(--awb-font-size); font-style: var(--awb-text-font-style); letter-spacing: var(--awb-letter-spacing); text-align: var(--awb-content-alignment); text-transform: var(--awb-text-transform); background-color: var(--awb-bg-color-hover);\">sara.luzna<span style=\"color: var(--awb-color5);\">r<\/span><\/span><span style=\"color: var(--awb-color5);\">(<\/span><span style=\"color: var(--awb-color5);\">afna<\/span><span style=\"color: var(--awb-color5);\">)<\/span><span style=\"color: var(--awb-color5); font-family: var(--awb-text-font-family); font-size: var(--awb-font-size); font-style: var(--awb-text-font-style); letter-spacing: var(--awb-letter-spacing); text-align: var(--awb-content-alignment); text-transform: var(--awb-text-transform); background-color: var(--awb-bg-color-hover);\">gmail.com<\/span><\/li>\n<\/ul>\n<\/div><\/div><\/div><\/div><\/div><div class=\"fusion-fullwidth fullwidth-box fusion-builder-row-2 fusion-flex-container has-pattern-background has-mask-background nonhundred-percent-fullwidth non-hundred-percent-height-scrolling\" style=\"--awb-border-radius-top-left:0px;--awb-border-radius-top-right:0px;--awb-border-radius-bottom-right:0px;--awb-border-radius-bottom-left:0px;--awb-flex-wrap:wrap;\" ><div class=\"fusion-builder-row fusion-row fusion-flex-align-items-flex-start fusion-flex-content-wrap\" style=\"max-width:1248px;margin-left: calc(-4% \/ 2 );margin-right: calc(-4% \/ 2 );\"><div class=\"fusion-layout-column fusion_builder_column fusion-builder-column-1 fusion_builder_column_1_3 1_3 fusion-flex-column\" style=\"--awb-bg-size:cover;--awb-width-large:33.333333333333%;--awb-margin-top-large:0px;--awb-spacing-right-large:5.76%;--awb-margin-bottom-large:20px;--awb-spacing-left-large:5.76%;--awb-width-medium:33.333333333333%;--awb-order-medium:0;--awb-spacing-right-medium:5.76%;--awb-spacing-left-medium:5.76%;--awb-width-small:100%;--awb-order-small:0;--awb-spacing-right-small:1.92%;--awb-spacing-left-small:1.92%;\"><div class=\"fusion-column-wrapper fusion-column-has-shadow fusion-flex-justify-content-flex-start fusion-content-layout-column\"><div class=\"fusion-image-element \" style=\"--awb-caption-title-font-family:var(--h2_typography-font-family);--awb-caption-title-font-weight:var(--h2_typography-font-weight);--awb-caption-title-font-style:var(--h2_typography-font-style);--awb-caption-title-size:var(--h2_typography-font-size);--awb-caption-title-transform:var(--h2_typography-text-transform);--awb-caption-title-line-height:var(--h2_typography-line-height);--awb-caption-title-letter-spacing:var(--h2_typography-letter-spacing);\"><span class=\" fusion-imageframe imageframe-none imageframe-1 hover-type-none\"><img decoding=\"async\" width=\"800\" height=\"533\" title=\"Ale\u0161 Jensterle\" src=\"https:\/\/www.sps-zelezniki.si\/wp-content\/uploads\/2024\/09\/SPS-08027-800x533.jpg\" alt class=\"img-responsive wp-image-5932\" srcset=\"https:\/\/www.sps-zelezniki.si\/wp-content\/uploads\/2024\/09\/SPS-08027-200x133.jpg 200w, https:\/\/www.sps-zelezniki.si\/wp-content\/uploads\/2024\/09\/SPS-08027-400x267.jpg 400w, https:\/\/www.sps-zelezniki.si\/wp-content\/uploads\/2024\/09\/SPS-08027-600x400.jpg 600w, https:\/\/www.sps-zelezniki.si\/wp-content\/uploads\/2024\/09\/SPS-08027-800x533.jpg 800w, https:\/\/www.sps-zelezniki.si\/wp-content\/uploads\/2024\/09\/SPS-08027-1200x800.jpg 1200w\" sizes=\"(max-width: 640px) 100vw, 400px\" \/><\/span><\/div><\/div><\/div><div class=\"fusion-layout-column fusion_builder_column fusion-builder-column-2 fusion_builder_column_1_3 1_3 fusion-flex-column\" style=\"--awb-bg-size:cover;--awb-width-large:33.333333333333%;--awb-margin-top-large:0px;--awb-spacing-right-large:5.76%;--awb-margin-bottom-large:20px;--awb-spacing-left-large:5.76%;--awb-width-medium:33.333333333333%;--awb-order-medium:0;--awb-spacing-right-medium:5.76%;--awb-spacing-left-medium:5.76%;--awb-width-small:100%;--awb-order-small:0;--awb-spacing-right-small:1.92%;--awb-spacing-left-small:1.92%;\"><div class=\"fusion-column-wrapper fusion-column-has-shadow fusion-flex-justify-content-flex-start fusion-content-layout-column\"><div class=\"fusion-image-element \" style=\"--awb-caption-title-font-family:var(--h2_typography-font-family);--awb-caption-title-font-weight:var(--h2_typography-font-weight);--awb-caption-title-font-style:var(--h2_typography-font-style);--awb-caption-title-size:var(--h2_typography-font-size);--awb-caption-title-transform:var(--h2_typography-text-transform);--awb-caption-title-line-height:var(--h2_typography-line-height);--awb-caption-title-letter-spacing:var(--h2_typography-letter-spacing);\"><span class=\" fusion-imageframe imageframe-none imageframe-2 hover-type-none\"><img decoding=\"async\" width=\"800\" height=\"533\" title=\"Nejc Bobar\" src=\"https:\/\/www.sps-zelezniki.si\/wp-content\/uploads\/2024\/09\/SPS-08038-800x533.jpg\" alt class=\"img-responsive wp-image-5930\" srcset=\"https:\/\/www.sps-zelezniki.si\/wp-content\/uploads\/2024\/09\/SPS-08038-200x133.jpg 200w, https:\/\/www.sps-zelezniki.si\/wp-content\/uploads\/2024\/09\/SPS-08038-400x267.jpg 400w, https:\/\/www.sps-zelezniki.si\/wp-content\/uploads\/2024\/09\/SPS-08038-600x400.jpg 600w, https:\/\/www.sps-zelezniki.si\/wp-content\/uploads\/2024\/09\/SPS-08038-800x533.jpg 800w, https:\/\/www.sps-zelezniki.si\/wp-content\/uploads\/2024\/09\/SPS-08038-1200x800.jpg 1200w\" sizes=\"(max-width: 640px) 100vw, 400px\" \/><\/span><\/div><\/div><\/div><div class=\"fusion-layout-column fusion_builder_column fusion-builder-column-3 fusion_builder_column_1_3 1_3 fusion-flex-column\" style=\"--awb-bg-size:cover;--awb-width-large:33.333333333333%;--awb-margin-top-large:0px;--awb-spacing-right-large:5.76%;--awb-margin-bottom-large:20px;--awb-spacing-left-large:5.76%;--awb-width-medium:33.333333333333%;--awb-order-medium:0;--awb-spacing-right-medium:5.76%;--awb-spacing-left-medium:5.76%;--awb-width-small:100%;--awb-order-small:0;--awb-spacing-right-small:1.92%;--awb-spacing-left-small:1.92%;\"><div class=\"fusion-column-wrapper fusion-column-has-shadow fusion-flex-justify-content-flex-start fusion-content-layout-column\"><div class=\"fusion-image-element \" style=\"--awb-caption-title-font-family:var(--h2_typography-font-family);--awb-caption-title-font-weight:var(--h2_typography-font-weight);--awb-caption-title-font-style:var(--h2_typography-font-style);--awb-caption-title-size:var(--h2_typography-font-size);--awb-caption-title-transform:var(--h2_typography-text-transform);--awb-caption-title-line-height:var(--h2_typography-line-height);--awb-caption-title-letter-spacing:var(--h2_typography-letter-spacing);\"><span class=\" fusion-imageframe imageframe-none imageframe-3 hover-type-none\"><img decoding=\"async\" width=\"800\" height=\"533\" title=\"Tatjana Rant\" src=\"https:\/\/www.sps-zelezniki.si\/wp-content\/uploads\/2024\/09\/SPS-08040-800x533.jpg\" alt class=\"img-responsive wp-image-5929\" srcset=\"https:\/\/www.sps-zelezniki.si\/wp-content\/uploads\/2024\/09\/SPS-08040-200x133.jpg 200w, https:\/\/www.sps-zelezniki.si\/wp-content\/uploads\/2024\/09\/SPS-08040-400x267.jpg 400w, https:\/\/www.sps-zelezniki.si\/wp-content\/uploads\/2024\/09\/SPS-08040-600x400.jpg 600w, https:\/\/www.sps-zelezniki.si\/wp-content\/uploads\/2024\/09\/SPS-08040-800x533.jpg 800w, https:\/\/www.sps-zelezniki.si\/wp-content\/uploads\/2024\/09\/SPS-08040-1200x800.jpg 1200w\" sizes=\"(max-width: 640px) 100vw, 400px\" \/><\/span><\/div><\/div><\/div><\/div><\/div><div class=\"fusion-fullwidth fullwidth-box fusion-builder-row-3 fusion-flex-container has-pattern-background has-mask-background nonhundred-percent-fullwidth non-hundred-percent-height-scrolling\" style=\"--awb-border-radius-top-left:0px;--awb-border-radius-top-right:0px;--awb-border-radius-bottom-right:0px;--awb-border-radius-bottom-left:0px;--awb-flex-wrap:wrap;\" ><div class=\"fusion-builder-row fusion-row fusion-flex-align-items-center fusion-flex-justify-content-center fusion-flex-content-wrap\" style=\"max-width:1248px;margin-left: calc(-4% \/ 2 );margin-right: calc(-4% \/ 2 );\"><div class=\"fusion-layout-column fusion_builder_column fusion-builder-column-4 fusion_builder_column_1_3 1_3 fusion-flex-column\" style=\"--awb-bg-size:cover;--awb-width-large:33.333333333333%;--awb-margin-top-large:0px;--awb-spacing-right-large:5.76%;--awb-margin-bottom-large:20px;--awb-spacing-left-large:5.76%;--awb-width-medium:33.333333333333%;--awb-order-medium:0;--awb-spacing-right-medium:5.76%;--awb-spacing-left-medium:5.76%;--awb-width-small:100%;--awb-order-small:0;--awb-spacing-right-small:1.92%;--awb-spacing-left-small:1.92%;\" data-scroll-devices=\"small-visibility,medium-visibility,large-visibility\"><div class=\"fusion-column-wrapper fusion-column-has-shadow fusion-flex-justify-content-space-around fusion-content-layout-row\"><div class=\"fusion-image-element \" style=\"--awb-caption-title-font-family:var(--h2_typography-font-family);--awb-caption-title-font-weight:var(--h2_typography-font-weight);--awb-caption-title-font-style:var(--h2_typography-font-style);--awb-caption-title-size:var(--h2_typography-font-size);--awb-caption-title-transform:var(--h2_typography-text-transform);--awb-caption-title-line-height:var(--h2_typography-line-height);--awb-caption-title-letter-spacing:var(--h2_typography-letter-spacing);\"><span class=\" fusion-imageframe imageframe-none imageframe-4 hover-type-none\"><img decoding=\"async\" width=\"800\" height=\"533\" title=\"Janez Rant\" src=\"https:\/\/www.sps-zelezniki.si\/wp-content\/uploads\/2024\/09\/SPS-08037-800x533.jpg\" alt class=\"img-responsive wp-image-5931\" srcset=\"https:\/\/www.sps-zelezniki.si\/wp-content\/uploads\/2024\/09\/SPS-08037-200x133.jpg 200w, https:\/\/www.sps-zelezniki.si\/wp-content\/uploads\/2024\/09\/SPS-08037-400x267.jpg 400w, https:\/\/www.sps-zelezniki.si\/wp-content\/uploads\/2024\/09\/SPS-08037-600x400.jpg 600w, https:\/\/www.sps-zelezniki.si\/wp-content\/uploads\/2024\/09\/SPS-08037-800x533.jpg 800w, https:\/\/www.sps-zelezniki.si\/wp-content\/uploads\/2024\/09\/SPS-08037-1200x800.jpg 1200w\" sizes=\"(max-width: 640px) 100vw, 400px\" \/><\/span><\/div><\/div><\/div><div class=\"fusion-layout-column fusion_builder_column fusion-builder-column-5 fusion_builder_column_1_3 1_3 fusion-flex-column\" style=\"--awb-bg-size:cover;--awb-width-large:33.333333333333%;--awb-margin-top-large:0px;--awb-spacing-right-large:5.76%;--awb-margin-bottom-large:20px;--awb-spacing-left-large:5.76%;--awb-width-medium:33.333333333333%;--awb-order-medium:0;--awb-spacing-right-medium:5.76%;--awb-spacing-left-medium:5.76%;--awb-width-small:100%;--awb-order-small:0;--awb-spacing-right-small:1.92%;--awb-spacing-left-small:1.92%;\" data-scroll-devices=\"small-visibility,medium-visibility,large-visibility\"><div class=\"fusion-column-wrapper fusion-column-has-shadow fusion-flex-justify-content-space-between fusion-content-layout-row\"><div class=\"fusion-image-element \" style=\"--awb-caption-title-font-family:var(--h2_typography-font-family);--awb-caption-title-font-weight:var(--h2_typography-font-weight);--awb-caption-title-font-style:var(--h2_typography-font-style);--awb-caption-title-size:var(--h2_typography-font-size);--awb-caption-title-transform:var(--h2_typography-text-transform);--awb-caption-title-line-height:var(--h2_typography-line-height);--awb-caption-title-letter-spacing:var(--h2_typography-letter-spacing);\"><span class=\" fusion-imageframe imageframe-none imageframe-5 hover-type-none\"><img decoding=\"async\" width=\"800\" height=\"533\" title=\"Jo\u0161t Pintar\" src=\"https:\/\/www.sps-zelezniki.si\/wp-content\/uploads\/2024\/09\/SPS-08044-800x533.jpg\" alt class=\"img-responsive wp-image-5928\" srcset=\"https:\/\/www.sps-zelezniki.si\/wp-content\/uploads\/2024\/09\/SPS-08044-200x133.jpg 200w, https:\/\/www.sps-zelezniki.si\/wp-content\/uploads\/2024\/09\/SPS-08044-400x267.jpg 400w, https:\/\/www.sps-zelezniki.si\/wp-content\/uploads\/2024\/09\/SPS-08044-600x400.jpg 600w, https:\/\/www.sps-zelezniki.si\/wp-content\/uploads\/2024\/09\/SPS-08044-800x533.jpg 800w, https:\/\/www.sps-zelezniki.si\/wp-content\/uploads\/2024\/09\/SPS-08044-1200x800.jpg 1200w\" sizes=\"(max-width: 640px) 100vw, 400px\" \/><\/span><\/div><\/div><\/div><\/div><\/div><\/p>\n","protected":false},"excerpt":{"rendered":"","protected":false},"author":1,"featured_media":0,"parent":0,"menu_order":0,"comment_status":"closed","ping_status":"closed","template":"100-width.php","meta":{"footnotes":""},"class_list":["post-5569","page","type-page","status-publish","hentry"],"_links":{"self":[{"href":"https:\/\/www.sps-zelezniki.si\/index.php\/wp-json\/wp\/v2\/pages\/5569","targetHints":{"allow":["GET"]}}],"collection":[{"href":"https:\/\/www.sps-zelezniki.si\/index.php\/wp-json\/wp\/v2\/pages"}],"about":[{"href":"https:\/\/www.sps-zelezniki.si\/index.php\/wp-json\/wp\/v2\/types\/page"}],"author":[{"embeddable":true,"href":"https:\/\/www.sps-zelezniki.si\/index.php\/wp-json\/wp\/v2\/users\/1"}],"replies":[{"embeddable":true,"href":"https:\/\/www.sps-zelezniki.si\/index.php\/wp-json\/wp\/v2\/comments?post=5569"}],"version-history":[{"count":21,"href":"https:\/\/www.sps-zelezniki.si\/index.php\/wp-json\/wp\/v2\/pages\/5569\/revisions"}],"predecessor-version":[{"id":5939,"href":"https:\/\/www.sps-zelezniki.si\/index.php\/wp-json\/wp\/v2\/pages\/5569\/revisions\/5939"}],"wp:attachment":[{"href":"https:\/\/www.sps-zelezniki.si\/index.php\/wp-json\/wp\/v2\/media?parent=5569"}],"curies":[{"name":"wp","href":"https:\/\/api.w.org\/{rel}","templated":true}]}}