{"id":5611,"date":"2024-05-15T19:03:08","date_gmt":"2024-05-15T19:03:08","guid":{"rendered":"https:\/\/www.sps-zelezniki.si\/?page_id=5611"},"modified":"2024-05-15T19:45:30","modified_gmt":"2024-05-15T19:45:30","slug":"izvlecki-uspehov-in-vlog-iz-knjige-pot-med-zvezde","status":"publish","type":"page","link":"https:\/\/www.sps-zelezniki.si\/index.php\/izvlecki-uspehov-in-vlog-iz-knjige-pot-med-zvezde\/","title":{"rendered":"Izvle\u010dki uspehov in vlog iz knjige Pot med zvezde"},"content":{"rendered":"<div class=\"fusion-fullwidth fullwidth-box fusion-builder-row-1 fusion-flex-container has-pattern-background has-mask-background nonhundred-percent-fullwidth non-hundred-percent-height-scrolling\" style=\"--awb-border-radius-top-left:0px;--awb-border-radius-top-right:0px;--awb-border-radius-bottom-right:0px;--awb-border-radius-bottom-left:0px;--awb-flex-wrap:wrap;\" ><div class=\"fusion-builder-row fusion-row fusion-flex-align-items-flex-start fusion-flex-content-wrap\" style=\"max-width:1248px;margin-left: calc(-4% \/ 2 );margin-right: calc(-4% \/ 2 );\"><div class=\"fusion-layout-column fusion_builder_column fusion-builder-column-0 fusion_builder_column_1_1 1_1 fusion-flex-column\" style=\"--awb-bg-size:cover;--awb-width-large:100%;--awb-margin-top-large:0px;--awb-spacing-right-large:1.92%;--awb-margin-bottom-large:20px;--awb-spacing-left-large:1.92%;--awb-width-medium:100%;--awb-order-medium:0;--awb-spacing-right-medium:1.92%;--awb-spacing-left-medium:1.92%;--awb-width-small:100%;--awb-order-small:0;--awb-spacing-right-small:1.92%;--awb-spacing-left-small:1.92%;\"><div class=\"fusion-column-wrapper fusion-column-has-shadow fusion-flex-justify-content-flex-start fusion-content-layout-column\"><div class=\"fusion-text fusion-text-1\"><p>KNJIGA POT MED ZVEZDE<\/p>\n<p>Knjiga Pot med zvezde je zgodba o uspehu \u0161kofjelo\u0161kih ljubiteljev vertikale razli\u010dnih zvrsti <span style=\"color: var(--awb-text-color); font-family: var(--awb-text-font-family); font-size: var(--awb-font-size); font-style: var(--awb-text-font-style); letter-spacing: var(--awb-letter-spacing); text-align: var(--awb-content-alignment); text-transform: var(--awb-text-transform); background-color: var(--awb-bg-color-hover);\">plezanja, v katero so zajeti tudi pomembni dose\u017eki plezalcev in trenerjev iz Sel\u0161ke doline, <\/span><span style=\"color: var(--awb-text-color); font-family: var(--awb-text-font-family); font-size: var(--awb-font-size); font-style: var(--awb-text-font-style); letter-spacing: var(--awb-letter-spacing); text-align: var(--awb-content-alignment); text-transform: var(--awb-text-transform); background-color: var(--awb-bg-color-hover);\">ki so bili \u010dlani PK \u0160kofja loka.<\/span><\/p>\n<p><span style=\"color: var(--awb-text-color); font-family: var(--awb-text-font-family); font-size: var(--awb-font-size); font-style: var(--awb-text-font-style); letter-spacing: var(--awb-letter-spacing); text-align: var(--awb-content-alignment); text-transform: var(--awb-text-transform); background-color: var(--awb-bg-color-hover);\">Avtor knjige, dr. Franc Vidic, dovoljuje, da objavimo Izvle\u010dek uspehov in vlog plezalcev Sel\u0161ke <\/span><span style=\"color: var(--awb-text-color); font-family: var(--awb-text-font-family); font-size: var(--awb-font-size); font-style: var(--awb-text-font-style); letter-spacing: var(--awb-letter-spacing); text-align: var(--awb-content-alignment); text-transform: var(--awb-text-transform); background-color: var(--awb-bg-color-hover);\">doline, ki so zaznamovali in soustvarjali uspe\u0161no in bogato tradicijo \u0161portnega plezanja na <\/span><span style=\"color: var(--awb-text-color); font-family: var(--awb-text-font-family); font-size: var(--awb-font-size); font-style: var(--awb-text-font-style); letter-spacing: var(--awb-letter-spacing); text-align: var(--awb-content-alignment); text-transform: var(--awb-text-transform); background-color: var(--awb-bg-color-hover);\">\u0161ir\u0161em \u0161kofjelo\u0161kem obmo\u010dju.<\/span><\/p>\n<p><span style=\"color: var(--awb-text-color); font-family: var(--awb-text-font-family); font-size: var(--awb-font-size); font-style: var(--awb-text-font-style); letter-spacing: var(--awb-letter-spacing); text-align: var(--awb-content-alignment); text-transform: var(--awb-text-transform); background-color: var(--awb-bg-color-hover);\">Kontakt za naro\u010dilo knjige: <span style=\"color: var(--awb-color5);\">vidicfranc07@gmail.com<\/span><\/span><\/p>\n<\/div><\/div><\/div><div class=\"fusion-layout-column fusion_builder_column fusion-builder-column-1 fusion_builder_column_1_1 1_1 fusion-flex-column\" style=\"--awb-bg-size:cover;--awb-width-large:100%;--awb-margin-top-large:0px;--awb-spacing-right-large:1.92%;--awb-margin-bottom-large:20px;--awb-spacing-left-large:1.92%;--awb-width-medium:100%;--awb-order-medium:0;--awb-spacing-right-medium:1.92%;--awb-spacing-left-medium:1.92%;--awb-width-small:100%;--awb-order-small:0;--awb-spacing-right-small:1.92%;--awb-spacing-left-small:1.92%;\"><div class=\"fusion-column-wrapper fusion-column-has-shadow fusion-flex-justify-content-flex-start fusion-content-layout-column\"><div class=\"fusion-text fusion-text-2\"><p style=\"text-align: center;\"><img decoding=\"async\" class=\"alignnone size-full wp-image-5633 aligncenter\" src=\"https:\/\/www.sps-zelezniki.si\/wp-content\/uploads\/2024\/05\/Pot-med-zvezde-190x246-naslovnica.jpg\" alt=\"\" width=\"600\" height=\"600\" srcset=\"https:\/\/www.sps-zelezniki.si\/wp-content\/uploads\/2024\/05\/Pot-med-zvezde-190x246-naslovnica-66x66.jpg 66w, https:\/\/www.sps-zelezniki.si\/wp-content\/uploads\/2024\/05\/Pot-med-zvezde-190x246-naslovnica-150x150.jpg 150w, https:\/\/www.sps-zelezniki.si\/wp-content\/uploads\/2024\/05\/Pot-med-zvezde-190x246-naslovnica-200x200.jpg 200w, https:\/\/www.sps-zelezniki.si\/wp-content\/uploads\/2024\/05\/Pot-med-zvezde-190x246-naslovnica-300x300.jpg 300w, https:\/\/www.sps-zelezniki.si\/wp-content\/uploads\/2024\/05\/Pot-med-zvezde-190x246-naslovnica-400x400.jpg 400w, https:\/\/www.sps-zelezniki.si\/wp-content\/uploads\/2024\/05\/Pot-med-zvezde-190x246-naslovnica.jpg 600w\" sizes=\"(max-width: 600px) 100vw, 600px\" \/><a style=\"color: var(--awb-color5);\" href=\"https:\/\/www.sps-zelezniki.si\/wp-content\/uploads\/2024\/05\/Izvlecek-uspehov-in-vlog-plezalcev-Selske-doline-iz-knjige-Pot-med-zvezde-zgodba-o-uspehu-skofjeloskih-ljubiteljev-vertikale-Franc-Vidic-2017.pdf\">Izvle\u010dek uspehov in vlog plezalcev Sel\u0161ke doline iz knjige Pot med zvezde-zgodba o uspehu \u0161kofjelo\u0161kih ljubiteljev vertikale (Franc Vidic, 2017)<\/a><\/p>\n<\/div><\/div><\/div><\/div><\/div>\n","protected":false},"excerpt":{"rendered":"","protected":false},"author":1,"featured_media":0,"parent":0,"menu_order":0,"comment_status":"closed","ping_status":"closed","template":"100-width.php","meta":{"footnotes":""},"class_list":["post-5611","page","type-page","status-publish","hentry"],"_links":{"self":[{"href":"https:\/\/www.sps-zelezniki.si\/index.php\/wp-json\/wp\/v2\/pages\/5611","targetHints":{"allow":["GET"]}}],"collection":[{"href":"https:\/\/www.sps-zelezniki.si\/index.php\/wp-json\/wp\/v2\/pages"}],"about":[{"href":"https:\/\/www.sps-zelezniki.si\/index.php\/wp-json\/wp\/v2\/types\/page"}],"author":[{"embeddable":true,"href":"https:\/\/www.sps-zelezniki.si\/index.php\/wp-json\/wp\/v2\/users\/1"}],"replies":[{"embeddable":true,"href":"https:\/\/www.sps-zelezniki.si\/index.php\/wp-json\/wp\/v2\/comments?post=5611"}],"version-history":[{"count":6,"href":"https:\/\/www.sps-zelezniki.si\/index.php\/wp-json\/wp\/v2\/pages\/5611\/revisions"}],"predecessor-version":[{"id":5640,"href":"https:\/\/www.sps-zelezniki.si\/index.php\/wp-json\/wp\/v2\/pages\/5611\/revisions\/5640"}],"wp:attachment":[{"href":"https:\/\/www.sps-zelezniki.si\/index.php\/wp-json\/wp\/v2\/media?parent=5611"}],"curies":[{"name":"wp","href":"https:\/\/api.w.org\/{rel}","templated":true}]}}