{"id":5675,"date":"2024-05-18T17:59:39","date_gmt":"2024-05-18T17:59:39","guid":{"rendered":"https:\/\/www.sps-zelezniki.si\/?page_id=5675"},"modified":"2024-05-22T18:48:39","modified_gmt":"2024-05-22T18:48:39","slug":"medijske-objave","status":"publish","type":"page","link":"https:\/\/www.sps-zelezniki.si\/index.php\/medijske-objave\/","title":{"rendered":"Medijske objave"},"content":{"rendered":"<div class=\"fusion-fullwidth fullwidth-box fusion-builder-row-1 fusion-flex-container has-pattern-background has-mask-background nonhundred-percent-fullwidth non-hundred-percent-height-scrolling\" style=\"--awb-border-radius-top-left:0px;--awb-border-radius-top-right:0px;--awb-border-radius-bottom-right:0px;--awb-border-radius-bottom-left:0px;--awb-flex-wrap:wrap;\" ><div class=\"fusion-builder-row fusion-row fusion-flex-align-items-flex-start fusion-flex-content-wrap\" style=\"max-width:1248px;margin-left: calc(-4% \/ 2 );margin-right: calc(-4% \/ 2 );\"><div class=\"fusion-layout-column fusion_builder_column fusion-builder-column-0 fusion_builder_column_1_3 1_3 fusion-flex-column\" style=\"--awb-bg-size:cover;--awb-width-large:33.333333333333%;--awb-margin-top-large:0px;--awb-spacing-right-large:5.76%;--awb-margin-bottom-large:20px;--awb-spacing-left-large:5.76%;--awb-width-medium:33.333333333333%;--awb-order-medium:0;--awb-spacing-right-medium:5.76%;--awb-spacing-left-medium:5.76%;--awb-width-small:100%;--awb-order-small:0;--awb-spacing-right-small:1.92%;--awb-spacing-left-small:1.92%;\"><div class=\"fusion-column-wrapper fusion-column-has-shadow fusion-flex-justify-content-flex-start fusion-content-layout-column\"><div class=\"fusion-image-element \" style=\"--awb-caption-title-font-family:var(--h2_typography-font-family);--awb-caption-title-font-weight:var(--h2_typography-font-weight);--awb-caption-title-font-style:var(--h2_typography-font-style);--awb-caption-title-size:var(--h2_typography-font-size);--awb-caption-title-transform:var(--h2_typography-text-transform);--awb-caption-title-line-height:var(--h2_typography-line-height);--awb-caption-title-letter-spacing:var(--h2_typography-letter-spacing);\"><span class=\" fusion-imageframe imageframe-none imageframe-1 hover-type-none\"><img decoding=\"async\" width=\"593\" height=\"840\" title=\"Screenshot 2024-05-22 at 20.34.01\" src=\"https:\/\/www.sps-zelezniki.si\/wp-content\/uploads\/2024\/05\/Screenshot-2024-05-22-at-20.34.01.png\" alt class=\"img-responsive wp-image-5800\" srcset=\"https:\/\/www.sps-zelezniki.si\/wp-content\/uploads\/2024\/05\/Screenshot-2024-05-22-at-20.34.01-200x283.png 200w, https:\/\/www.sps-zelezniki.si\/wp-content\/uploads\/2024\/05\/Screenshot-2024-05-22-at-20.34.01-400x567.png 400w, https:\/\/www.sps-zelezniki.si\/wp-content\/uploads\/2024\/05\/Screenshot-2024-05-22-at-20.34.01.png 593w\" sizes=\"(max-width: 640px) 100vw, 400px\" \/><\/span><\/div><\/div><\/div><div class=\"fusion-layout-column fusion_builder_column fusion-builder-column-1 fusion_builder_column_2_3 2_3 fusion-flex-column\" style=\"--awb-bg-size:cover;--awb-width-large:66.666666666667%;--awb-margin-top-large:0px;--awb-spacing-right-large:2.88%;--awb-margin-bottom-large:20px;--awb-spacing-left-large:2.88%;--awb-width-medium:66.666666666667%;--awb-order-medium:0;--awb-spacing-right-medium:2.88%;--awb-spacing-left-medium:2.88%;--awb-width-small:100%;--awb-order-small:0;--awb-spacing-right-small:1.92%;--awb-spacing-left-small:1.92%;\"><div class=\"fusion-column-wrapper fusion-column-has-shadow fusion-flex-justify-content-flex-start fusion-content-layout-column\"><div class=\"fusion-text fusion-text-1\"><p>MEDIJSKE OBJAVE O IZGUBI NARAVNEGA PLEZALI\u0160\u010cA POD SU\u0160O IN PRIREDITVI PREDSTAVITEV <span style=\"color: var(--awb-text-color); font-family: var(--awb-text-font-family); font-size: var(--awb-font-size); font-style: var(--awb-text-font-style); letter-spacing: var(--awb-letter-spacing); text-align: var(--awb-content-alignment); text-transform: var(--awb-text-transform); background-color: var(--awb-bg-color-hover);\">PLEZANJA V OB\u010cINI \u017dELEZNIKI<\/span><\/p>\n<p>RTV<\/p>\n<p><span style=\"color: var(--awb-text-color); font-family: var(--awb-text-font-family); font-size: var(--awb-font-size); font-style: var(--awb-text-font-style); letter-spacing: var(--awb-letter-spacing); text-align: var(--awb-content-alignment); text-transform: var(--awb-text-transform); background-color: var(--awb-bg-color-hover);\"><a href=\"https:\/\/www.rtvslo.si\/rtv365\/arhiv\/174947012?s=mmc\" style=\"color: var(--awb-color5);\">V \u017deleznikih plezalci ostali brez plezali\u0161\u010da<\/a><\/span><\/p>\n<p><span style=\"color: var(--awb-text-color); font-family: var(--awb-text-font-family); font-size: var(--awb-font-size); font-style: var(--awb-text-font-style); letter-spacing: var(--awb-letter-spacing); text-align: var(--awb-content-alignment); text-transform: var(--awb-text-transform); background-color: var(--awb-bg-color-hover);\">Gorenjski glas<\/span><\/p>\n<p><a href=\"https:\/\/www.gorenjskiglas.si\/article\/20230405\/C\/230409925\/1021\/zbirajo-za-plezalno-steno\"><span style=\"color: var(--awb-color5);\">\u010clanek: <\/span><span style=\"color: var(--awb-color5);\">Zbirajo za plezalno steno<\/span><\/a><span style=\"color: var(--awb-color5);\"><\/span><\/p>\n<p><a href=\"https:\/\/www.gorenjskiglas.si\/article\/20230413\/C\/230419909\/1021\/potrebujejo-vecjo-plezalno-steno\" style=\"color: var(--awb-color5);\">\u010clanek: Potrebujejo ve\u010djo plezalno steno<\/a><\/p>\n<p><a href=\"https:\/\/www.gorenjskiglas.si\/article\/20230912\/C\/230919938\/May\" style=\"color: var(--awb-color5);\">\u010clanek: Bolj\u0161i pogoji za plezanje<\/a><\/p>\n<\/p>\n<p><span style=\"color: var(--awb-text-color); font-family: var(--awb-text-font-family); font-size: var(--awb-font-size); font-style: var(--awb-text-font-style); letter-spacing: var(--awb-letter-spacing); text-align: var(--awb-content-alignment); text-transform: var(--awb-text-transform); background-color: var(--awb-bg-color-hover);\">Ratitov\u0161ka obzorja<\/span><\/p>\n<p><a href=\"https:\/\/zelezniki.si\/Files\/eMagazine\/152\/751539\/Ratitovska%20obzorja_67.pdf#page=15\" style=\"color: var(--awb-color5);\">\u010casopis za ob\u010dino \u017delezniki Ratitov\u0161ka obzorja, april 2023, letnik 22, \u0161tevilka 67, stran 15<\/a><\/p>\n<p><a href=\"https:\/\/www.zelezniki.si\/Files\/eMagazine\/152\/777267\/Ratitovska%20obzorja_68.pdf#page=22\" style=\"color: var(--awb-color5);\">\u010casopis za ob\u010dino \u017delezniki Ratitov\u0161ka obzorja, junij 2023, letnik 22, \u0161tevilka 68, stran 22<\/a><\/p>\n<p style=\"color: rgb(20, 22, 23);\"><a href=\"https:\/\/zelezniki.si\/Files\/eMagazine\/152\/829250\/Ratitovska%20obzorja_70.pdf#page=24\" style=\"color: var(--awb-color5);\">\u010casopis za ob\u010dino \u017delezniki Ratitov\u0161ka obzorja, oktober 2023, letnik 22, \u0161tevilka 70, stran 24<\/a><\/p>\n<p>Lo\u0161ki utrip<\/p>\n<p><span style=\"color: var(--awb-text-color); font-family: var(--awb-text-font-family); font-size: var(--awb-font-size); font-style: var(--awb-text-font-style); letter-spacing: var(--awb-letter-spacing); text-align: var(--awb-content-alignment); text-transform: var(--awb-text-transform); background-color: var(--awb-bg-color-hover);\"><a href=\"https:\/\/www.skofjaloka.si\/Files\/eMagazine\/131\/772515\/Loski_utrip_junij_2023_splet.pdf#page=27\" style=\"color: var(--awb-color5);\">Lo\u0161ki utrip, junij 2023, \u0161tevilka 316, leto 28, stran 27<\/a><\/span><\/p>\n<p><span style=\"color: var(--awb-text-color); font-family: var(--awb-text-font-family); font-size: var(--awb-font-size); font-style: var(--awb-text-font-style); letter-spacing: var(--awb-letter-spacing); text-align: var(--awb-content-alignment); text-transform: var(--awb-text-transform); background-color: var(--awb-bg-color-hover);\">Novinarsko glasilo O\u0160 \u017delezniki Pehar novic, \u0161ol. leto 2022\/2023, letnik XVII, 1. \u0161tevilka<\/span><\/p>\n<p><span style=\"color: var(--awb-color5);\"><a href=\"https:\/\/www.sps-zelezniki.si\/wp-content\/uploads\/2024\/05\/Intervju-s-sportnim-uciteljem-in-plezalnim-trenerjem-Alesem-Jensterletom.pdf\" style=\"color: var(--awb-color5);\">Intervju s \u0161portnim u\u010diteljem in plezalnim trenerjem Ale\u0161em Jensterletom<\/a><\/span><\/p>\n<\/div><\/div><\/div><\/div><\/div>\n","protected":false},"excerpt":{"rendered":"","protected":false},"author":1,"featured_media":0,"parent":0,"menu_order":0,"comment_status":"closed","ping_status":"closed","template":"100-width.php","meta":{"footnotes":""},"class_list":["post-5675","page","type-page","status-publish","hentry"],"_links":{"self":[{"href":"https:\/\/www.sps-zelezniki.si\/index.php\/wp-json\/wp\/v2\/pages\/5675","targetHints":{"allow":["GET"]}}],"collection":[{"href":"https:\/\/www.sps-zelezniki.si\/index.php\/wp-json\/wp\/v2\/pages"}],"about":[{"href":"https:\/\/www.sps-zelezniki.si\/index.php\/wp-json\/wp\/v2\/types\/page"}],"author":[{"embeddable":true,"href":"https:\/\/www.sps-zelezniki.si\/index.php\/wp-json\/wp\/v2\/users\/1"}],"replies":[{"embeddable":true,"href":"https:\/\/www.sps-zelezniki.si\/index.php\/wp-json\/wp\/v2\/comments?post=5675"}],"version-history":[{"count":14,"href":"https:\/\/www.sps-zelezniki.si\/index.php\/wp-json\/wp\/v2\/pages\/5675\/revisions"}],"predecessor-version":[{"id":6022,"href":"https:\/\/www.sps-zelezniki.si\/index.php\/wp-json\/wp\/v2\/pages\/5675\/revisions\/6022"}],"wp:attachment":[{"href":"https:\/\/www.sps-zelezniki.si\/index.php\/wp-json\/wp\/v2\/media?parent=5675"}],"curies":[{"name":"wp","href":"https:\/\/api.w.org\/{rel}","templated":true}]}}